{"id":7546,"date":"2014-05-14T17:49:03","date_gmt":"2014-05-14T15:49:03","guid":{"rendered":"https:\/\/www.maquinariacolas.com\/cookies-2\/"},"modified":"2014-05-14T17:49:03","modified_gmt":"2014-05-14T15:49:03","slug":"cookies","status":"publish","type":"page","link":"https:\/\/www.maquinariacolas.com\/en\/cookies\/","title":{"rendered":"Cookies"},"content":{"rendered":"<h3 style=\"font-weight: 400; color: #363636;\">DEFINICI\u00d3N Y FUNCI\u00d3N DE LAS COOKIES<\/h3>\n<p style=\"color: #363636;\">\u00bfQu\u00e9 son las cookies? Una cookie es un fichero que se descarga en su ordenador al acceder a determinadas p\u00e1ginas web. Las cookies\u00a0permiten a una p\u00e1gina web, entre otras cosas, almacenar y recuperar informaci\u00f3n sobre los h\u00e1bitos de navegaci\u00f3n de un usuario o de su\u00a0equipo y, dependiendo de la informaci\u00f3n que contengan y de la forma en que utilice su equipo, pueden utilizarse para reconocer al usuario.<\/p>\n<h3 style=\"font-weight: 400; color: #363636;\">\u00bfQU\u00c9 TIPOS DE COOKIES UTILIZA ESTA P\u00c1GINA WEB?<\/h3>\n<ul style=\"color: #363636;\">\n<li>\u00a0Cookies propias: son aqu\u00e9llas que se env\u00edan al equipo terminal del usuario desde un equipo o dominio gestionado por el propio editor y\u00a0desde el que se presta el servicio solicitado por el usuario.<\/li>\n<li>Cookies de terceros: son aqu\u00e9llas que se env\u00edan al equipo terminal del usuario desde un equipo o dominio que no es gestionado por el editor,\u00a0sino por otra entidad que trata los datos obtenidos trav\u00e9s de las cookies.<\/li>\n<li>Cookies de sesi\u00f3n: son un tipo de cookies dise\u00f1adas para recabar y almacenar datos mientras el usuario accede a una p\u00e1gina web.<\/li>\n<li>Cookies de an\u00e1lisis: son aqu\u00e9llas que bien tratadas por nosotros o por terceros, nos permiten cuantificar el n\u00famero de usuarios y as\u00ed\u00a0realizar la medici\u00f3n y an\u00e1lisis estad\u00edstico de la utilizaci\u00f3n que hacen los usuarios del servicio ofertado.\u00a0Para ello se analiza su navegaci\u00f3n en nuestra p\u00e1gina web con el fin de mejorar la oferta de productos o servicios que le ofrecemos.<\/li>\n<\/ul>\n<p style=\"font-weight: 400; color: #363636;\">\n<div class=\"space\"><\/div>\n<\/p>\n<h3 style=\"font-weight: 400; color: #363636;\">REVOCACI\u00d3N Y ELIMINACI\u00d3N DE COOKIES<\/h3>\n<p style=\"color: #363636;\">Usted puede permitir, bloquear o eliminar las cookies instaladas en su equipo mediante la configuraci\u00f3n de las opciones del navegador\u00a0instalado en su ordenador, en caso que no permita la instalaci\u00f3n de cookies en su navegador es posible que no pueda acceder a alguna de\u00a0las secciones de nuestra web.<\/p>\n<p style=\"color: #363636;\">Para m\u00e1s informaci\u00f3n sobre como bloquear el uso de las cookies en Firefox pulse\u00a0<a style=\"color: #aeb5b9;\" href=\"https:\/\/support.mozilla.org\/es\/kb\/habilitar-y-deshabilitar-cookies-que-los-sitios-we\" target=\"_blank\">aqu\u00ed<\/a>.<\/p>\n<p style=\"color: #363636;\">Para m\u00e1s informaci\u00f3n sobre como bloquear el uso de las cookies en Chrome pulse\u00a0<a style=\"color: #aeb5b9;\" href=\"https:\/\/support.google.com\/accounts\/answer\/61416?hl=es\" target=\"_blank\">aqu\u00ed<\/a>.<\/p>\n<p style=\"color: #363636;\">Para m\u00e1s informaci\u00f3n sobre como bloquear el uso de las cookies en Internet Explorer pulse\u00a0<a style=\"color: #aeb5b9;\" href=\"https:\/\/windows.microsoft.com\/es-xl\/internet-explorer\/delete-manage-cookies#ie=ie-11\" target=\"_blank\">aqu\u00ed<\/a>.<\/p>\n<p style=\"color: #363636;\">Para m\u00e1s informaci\u00f3n sobre como bloquear el uso de las cookies en Safari pulse\u00a0<a style=\"color: #aeb5b9;\" href=\"https:\/\/support.apple.com\/kb\/HT1677?viewlocale=es_ES\" target=\"_blank\">aqu\u00ed<\/a>.<\/p>\n<h3 style=\"font-weight: 400; color: #363636;\">COOKIES UTILIZADAS<\/h3>\n<p style=\"color: #363636;\">En concreto los tipos de cookies utilizadas son:<\/p>\n<div class=\"space\" style=\"color: #363636;\"><\/div>\n<table style=\"color: #363636;\">\n<tbody>\n<tr>\n<th>Cookie<\/th>\n<th>Finalidad<\/th>\n<\/tr>\n<tr>\n<td>Google Analytics<\/td>\n<td>Utilizadas para seguimiento de estad\u00edsticas de visitas.<\/td>\n<\/tr>\n<tr>\n<td>wpca_ok<\/td>\n<td>Propia. De sesi\u00f3n. Controla la aceptaci\u00f3n de la pol\u00edtica de Cookies por el usuario.<\/td>\n<\/tr>\n<tr>\n<td>wordpress_test_cookie<\/td>\n<td>Propia. De sesi\u00f3n. Controla si el navegador tiene activadas las cookies.<\/td>\n<\/tr>\n<tr>\n<td><\/td>\n<td><\/td>\n<\/tr>\n<tr>\n<td><\/td>\n<td><\/td>\n<\/tr>\n<tr>\n<td><\/td>\n<td><\/td>\n<\/tr>\n<tr>\n<td><\/td>\n<td><\/td>\n<\/tr>\n<tr>\n<td><\/td>\n<td><\/td>\n<\/tr>\n<tr>\n<td><\/td>\n<td><\/td>\n<\/tr>\n<tr>\n<td><\/td>\n<td><\/td>\n<\/tr>\n<\/tbody>\n<\/table>\n","protected":false},"excerpt":{"rendered":"<p>DEFINICI\u00d3N Y FUNCI\u00d3N DE LAS COOKIES \u00bfQu\u00e9 son las cookies? Una cookie es un fichero que se descarga en su ordenador al acceder a determinadas p\u00e1ginas web. Las cookies\u00a0permiten a una p\u00e1gina web, entre otras cosas, almacenar y recuperar informaci\u00f3n sobre los h\u00e1bitos de navegaci\u00f3n de un usuario o de<a href=\"https:\/\/www.maquinariacolas.com\/en\/cookies\/\" title=\"Cookies\">[\u2026]<\/a><\/p>\n","protected":false},"author":1,"featured_media":0,"parent":0,"menu_order":12,"comment_status":"closed","ping_status":"closed","template":"","meta":{"footnotes":""},"class_list":["post-7546","page","type-page","status-publish","hentry"],"yoast_head":"<!-- This site is optimized with the Yoast SEO plugin v27.0 - https:\/\/yoast.com\/product\/yoast-seo-wordpress\/ -->\n<title>Cookies | Maquinaria Col\u00e1s<\/title>\n<meta name=\"robots\" content=\"noindex, follow\" \/>\n<meta property=\"og:locale\" content=\"en_US\" \/>\n<meta property=\"og:type\" content=\"article\" \/>\n<meta property=\"og:title\" content=\"Cookies | Maquinaria Col\u00e1s\" \/>\n<meta property=\"og:description\" content=\"DEFINICI\u00d3N Y FUNCI\u00d3N DE LAS COOKIES \u00bfQu\u00e9 son las cookies? Una cookie es un fichero que se descarga en su ordenador al acceder a determinadas p\u00e1ginas web. Las cookies\u00a0permiten a una p\u00e1gina web, entre otras cosas, almacenar y recuperar informaci\u00f3n sobre los h\u00e1bitos de navegaci\u00f3n de un usuario o de[\u2026]\" \/>\n<meta property=\"og:url\" content=\"https:\/\/www.maquinariacolas.com\/en\/cookies\/\" \/>\n<meta property=\"og:site_name\" content=\"Maquinaria Col\u00e1s\" \/>\n<meta property=\"article:publisher\" content=\"https:\/\/www.facebook.com\/maquinariacolas\" \/>\n<meta name=\"twitter:card\" content=\"summary_large_image\" \/>\n<meta name=\"twitter:site\" content=\"@maquinariacolas\" \/>\n<meta name=\"twitter:label1\" content=\"Est. reading time\" \/>\n\t<meta name=\"twitter:data1\" content=\"2 minutes\" \/>\n<script type=\"application\/ld+json\" class=\"yoast-schema-graph\">{\"@context\":\"https:\/\/schema.org\",\"@graph\":[{\"@type\":\"WebPage\",\"@id\":\"https:\/\/www.maquinariacolas.com\/en\/cookies\/\",\"url\":\"https:\/\/www.maquinariacolas.com\/en\/cookies\/\",\"name\":\"Cookies | Maquinaria Col\u00e1s\",\"isPartOf\":{\"@id\":\"https:\/\/www.maquinariacolas.com\/en\/#website\"},\"datePublished\":\"2014-05-14T15:49:03+00:00\",\"breadcrumb\":{\"@id\":\"https:\/\/www.maquinariacolas.com\/en\/cookies\/#breadcrumb\"},\"inLanguage\":\"en-US\",\"potentialAction\":[{\"@type\":\"ReadAction\",\"target\":[\"https:\/\/www.maquinariacolas.com\/en\/cookies\/\"]}]},{\"@type\":\"BreadcrumbList\",\"@id\":\"https:\/\/www.maquinariacolas.com\/en\/cookies\/#breadcrumb\",\"itemListElement\":[{\"@type\":\"ListItem\",\"position\":1,\"name\":\"Inicio\",\"item\":\"https:\/\/www.maquinariacolas.com\/en\/home-en\/\"},{\"@type\":\"ListItem\",\"position\":2,\"name\":\"Cookies\"}]},{\"@type\":\"WebSite\",\"@id\":\"https:\/\/www.maquinariacolas.com\/en\/#website\",\"url\":\"https:\/\/www.maquinariacolas.com\/en\/\",\"name\":\"Maquinaria Col\u00e1s\",\"description\":\"New and used machinery\",\"publisher\":{\"@id\":\"https:\/\/www.maquinariacolas.com\/en\/#organization\"},\"potentialAction\":[{\"@type\":\"SearchAction\",\"target\":{\"@type\":\"EntryPoint\",\"urlTemplate\":\"https:\/\/www.maquinariacolas.com\/en\/?s={search_term_string}\"},\"query-input\":{\"@type\":\"PropertyValueSpecification\",\"valueRequired\":true,\"valueName\":\"search_term_string\"}}],\"inLanguage\":\"en-US\"},{\"@type\":\"Organization\",\"@id\":\"https:\/\/www.maquinariacolas.com\/en\/#organization\",\"name\":\"Maquinaria Col\u00e1s\",\"url\":\"https:\/\/www.maquinariacolas.com\/en\/\",\"logo\":{\"@type\":\"ImageObject\",\"inLanguage\":\"en-US\",\"@id\":\"https:\/\/www.maquinariacolas.com\/en\/#\/schema\/logo\/image\/\",\"url\":\"https:\/\/www.maquinariacolas.com\/wp-content\/uploads\/2024\/10\/logo_colas_horizontal-5-CM.jpg\",\"contentUrl\":\"https:\/\/www.maquinariacolas.com\/wp-content\/uploads\/2024\/10\/logo_colas_horizontal-5-CM.jpg\",\"width\":170,\"height\":47,\"caption\":\"Maquinaria Col\u00e1s\"},\"image\":{\"@id\":\"https:\/\/www.maquinariacolas.com\/en\/#\/schema\/logo\/image\/\"},\"sameAs\":[\"https:\/\/www.facebook.com\/maquinariacolas\",\"https:\/\/x.com\/maquinariacolas\",\"https:\/\/www.linkedin.com\/company\/9262808\/admin\/page-posts\/published\/\",\"https:\/\/www.instagram.com\/maquinariacolas\/\",\"https:\/\/www.youtube.com\/@MaquinariaColasSLZaragoza\"]}]}<\/script>\n<!-- \/ Yoast SEO plugin. -->","yoast_head_json":{"title":"Cookies | Maquinaria Col\u00e1s","robots":{"index":"noindex","follow":"follow"},"og_locale":"en_US","og_type":"article","og_title":"Cookies | Maquinaria Col\u00e1s","og_description":"DEFINICI\u00d3N Y FUNCI\u00d3N DE LAS COOKIES \u00bfQu\u00e9 son las cookies? Una cookie es un fichero que se descarga en su ordenador al acceder a determinadas p\u00e1ginas web. Las cookies\u00a0permiten a una p\u00e1gina web, entre otras cosas, almacenar y recuperar informaci\u00f3n sobre los h\u00e1bitos de navegaci\u00f3n de un usuario o de[\u2026]","og_url":"https:\/\/www.maquinariacolas.com\/en\/cookies\/","og_site_name":"Maquinaria Col\u00e1s","article_publisher":"https:\/\/www.facebook.com\/maquinariacolas","twitter_card":"summary_large_image","twitter_site":"@maquinariacolas","twitter_misc":{"Est. reading time":"2 minutes"},"schema":{"@context":"https:\/\/schema.org","@graph":[{"@type":"WebPage","@id":"https:\/\/www.maquinariacolas.com\/en\/cookies\/","url":"https:\/\/www.maquinariacolas.com\/en\/cookies\/","name":"Cookies | Maquinaria Col\u00e1s","isPartOf":{"@id":"https:\/\/www.maquinariacolas.com\/en\/#website"},"datePublished":"2014-05-14T15:49:03+00:00","breadcrumb":{"@id":"https:\/\/www.maquinariacolas.com\/en\/cookies\/#breadcrumb"},"inLanguage":"en-US","potentialAction":[{"@type":"ReadAction","target":["https:\/\/www.maquinariacolas.com\/en\/cookies\/"]}]},{"@type":"BreadcrumbList","@id":"https:\/\/www.maquinariacolas.com\/en\/cookies\/#breadcrumb","itemListElement":[{"@type":"ListItem","position":1,"name":"Inicio","item":"https:\/\/www.maquinariacolas.com\/en\/home-en\/"},{"@type":"ListItem","position":2,"name":"Cookies"}]},{"@type":"WebSite","@id":"https:\/\/www.maquinariacolas.com\/en\/#website","url":"https:\/\/www.maquinariacolas.com\/en\/","name":"Maquinaria Col\u00e1s","description":"New and used machinery","publisher":{"@id":"https:\/\/www.maquinariacolas.com\/en\/#organization"},"potentialAction":[{"@type":"SearchAction","target":{"@type":"EntryPoint","urlTemplate":"https:\/\/www.maquinariacolas.com\/en\/?s={search_term_string}"},"query-input":{"@type":"PropertyValueSpecification","valueRequired":true,"valueName":"search_term_string"}}],"inLanguage":"en-US"},{"@type":"Organization","@id":"https:\/\/www.maquinariacolas.com\/en\/#organization","name":"Maquinaria Col\u00e1s","url":"https:\/\/www.maquinariacolas.com\/en\/","logo":{"@type":"ImageObject","inLanguage":"en-US","@id":"https:\/\/www.maquinariacolas.com\/en\/#\/schema\/logo\/image\/","url":"https:\/\/www.maquinariacolas.com\/wp-content\/uploads\/2024\/10\/logo_colas_horizontal-5-CM.jpg","contentUrl":"https:\/\/www.maquinariacolas.com\/wp-content\/uploads\/2024\/10\/logo_colas_horizontal-5-CM.jpg","width":170,"height":47,"caption":"Maquinaria Col\u00e1s"},"image":{"@id":"https:\/\/www.maquinariacolas.com\/en\/#\/schema\/logo\/image\/"},"sameAs":["https:\/\/www.facebook.com\/maquinariacolas","https:\/\/x.com\/maquinariacolas","https:\/\/www.linkedin.com\/company\/9262808\/admin\/page-posts\/published\/","https:\/\/www.instagram.com\/maquinariacolas\/","https:\/\/www.youtube.com\/@MaquinariaColasSLZaragoza"]}]}},"_links":{"self":[{"href":"https:\/\/www.maquinariacolas.com\/en\/wp-json\/wp\/v2\/pages\/7546","targetHints":{"allow":["GET"]}}],"collection":[{"href":"https:\/\/www.maquinariacolas.com\/en\/wp-json\/wp\/v2\/pages"}],"about":[{"href":"https:\/\/www.maquinariacolas.com\/en\/wp-json\/wp\/v2\/types\/page"}],"author":[{"embeddable":true,"href":"https:\/\/www.maquinariacolas.com\/en\/wp-json\/wp\/v2\/users\/1"}],"replies":[{"embeddable":true,"href":"https:\/\/www.maquinariacolas.com\/en\/wp-json\/wp\/v2\/comments?post=7546"}],"version-history":[{"count":0,"href":"https:\/\/www.maquinariacolas.com\/en\/wp-json\/wp\/v2\/pages\/7546\/revisions"}],"wp:attachment":[{"href":"https:\/\/www.maquinariacolas.com\/en\/wp-json\/wp\/v2\/media?parent=7546"}],"curies":[{"name":"wp","href":"https:\/\/api.w.org\/{rel}","templated":true}]}}